{"id":53566,"date":"2018-05-04T14:11:08","date_gmt":"2018-05-04T12:11:08","guid":{"rendered":"http:\/\/preview.zwick-armaturen.de\/?page_id=53566"},"modified":"2025-03-19T16:40:13","modified_gmt":"2025-03-19T15:40:13","slug":"tri-shark-control-valve","status":"publish","type":"page","link":"https:\/\/zwick-armaturen.de\/fr\/tri-shark-control-valve\/","title":{"rendered":"TRI-SHARK (CONTROL VALVE)"},"content":{"rendered":"<div class=\"wpb-content-wrapper\"><p>[vc_row full_width=\u00a0\u00bbstretch_row\u00a0\u00bb el_class=\u00a0\u00bbgrey row-zero-ok\u00a0\u00bb css=\u00a0\u00bb.vc_custom_1525169377553{padding-top: 56px !important;padding-bottom: 50px !important;background-color: #e0e0e0 !important;}\u00a0\u00bb][vc_column][vc_row_inner el_class=\u00a0\u00bbrow-zero\u00a0\u00bb][vc_column_inner width=\u00a0\u00bb1\/2&Prime;][vc_column_text]<\/p>\n<div class=\"container1\">\n<article class=\"grid_6\">\n<h2><span class=\"line1\" style=\"color: #004a92;\"><span class=\"line11\">100% VANNE DE R\u00c9GULATION ET<\/span><\/span><\/h2>\n<h2><span class=\"line2\"><span class=\"line12\">100% VANNE \u00c9TANCHE *<br \/>\n<\/span><\/span><\/h2>\n<p>&nbsp;<\/p>\n<p>Les vannes de r\u00e9gulation TRI-SHARK ont une courbe \u00e9gal-pourcent avec des caract\u00e9ristiques inh\u00e9rentes qui offrent une infinit\u00e9 d\u2019usages.<\/p>\n<p>Elles apportent de nombreux avantages avec notamment une tr\u00e8s large plage de r\u00e9gulation, une r\u00e9duction significative de la cavitation, du bruit et du couple dynamique.<\/p>\n<p>Enfin, si besoin, elles permettent de renforcer la s\u00e9curit\u00e9 en offrant une \u00e9tanch\u00e9it\u00e9 parfaite suppl\u00e9mentaire.<\/p>\n<p>Elles sont adapt\u00e9es \u00e0 une large gamme de services,<\/p>\n<p>de la cryog\u00e9nie \u00e0 -196\u00b0C jusqu\u2019\u00e0 +815\u00b0C, pour les liquides,gaz et vapeur.<\/p>\n<\/article>\n<\/div>\n<p>[\/vc_column_text][\/vc_column_inner][vc_column_inner width=\u00a0\u00bb1\/2&Prime;][\/vc_column_inner][\/vc_row_inner][\/vc_column][\/vc_row][vc_row css=\u00a0\u00bb.vc_custom_1525169387016{padding-top: 56px !important;padding-bottom: 50px !important;}\u00a0\u00bb][vc_column width=\u00a0\u00bb1\/2&Prime;][\/vc_column][vc_column width=\u00a0\u00bb1\/2&Prime; css=\u00a0\u00bb.vc_custom_1519231287382{margin-top: -450px !important;}\u00a0\u00bb offset=\u00a0\u00bbvc_hidden-sm vc_hidden-xs\u00a0\u00bb][vc_single_image image=\u00a0\u00bb52656&Prime; img_size=\u00a0\u00bbfull\u00a0\u00bb][\/vc_column][\/vc_row][vc_row css=\u00a0\u00bb.vc_custom_1525169393272{padding-top: 56px !important;padding-bottom: 50px !important;}\u00a0\u00bb][vc_column width=\u00a0\u00bb1\/2&Prime;][\/vc_column][vc_column width=\u00a0\u00bb1\/2&Prime; offset=\u00a0\u00bbvc_hidden-lg vc_hidden-md\u00a0\u00bb][vc_single_image image=\u00a0\u00bb52656&Prime; img_size=\u00a0\u00bbfull\u00a0\u00bb alignment=\u00a0\u00bbcenter\u00a0\u00bb][\/vc_column][\/vc_row][vc_row full_width=\u00a0\u00bbstretch_row\u00a0\u00bb el_class=\u00a0\u00bbgrey\u00a0\u00bb css=\u00a0\u00bb.vc_custom_1525169401340{padding-top: 56px !important;padding-bottom: 50px !important;background-color: #c9c9c9 !important;}\u00a0\u00bb][vc_column][vc_row_inner el_class=\u00a0\u00bbrow-product-two\u00a0\u00bb][vc_column_inner width=\u00a0\u00bb1\/3&Prime;][vc_column_text]<\/p>\n<div class=\"container\">\n<article class=\"grid_4\">\n<h2><span class=\"line1\" style=\"color: #004a92;\"><span class=\"line11\">GAMME ET<\/span><\/span><\/h2>\n<h2>PERFORMANCE<\/h2>\n<\/article>\n<div class=\"pl\"><\/div>\n<div class=\"grid_4\">\n<div class=\"pl\">\n<h2><\/h2>\n<\/div>\n<\/div>\n<\/div>\n<p>[\/vc_column_text][\/vc_column_inner][vc_column_inner width=\u00a0\u00bb1\/3&Prime;][vc_column_text]<\/p>\n<div class=\"container\">\n<div class=\"grid_4\">\n<div class=\"pl\">\n<ul class=\"list\">\n<li>Du DN80 au DN300 \u2013 du 3\u2033 au 36\u2033*<\/li>\n<li>de Ansi150 \u00e0 Ansi900 (PN ?)<\/li>\n<li>Acier Carbone, Inox &amp; autres alliages<\/li>\n<li>Etanch\u00e9it\u00e9 M\u00e9tal-M\u00e9tal<\/li>\n<li>de la cryog\u00e9nie \u00e0 +815\u00b0C<\/li>\n<li>S\u00e9curit\u00e9 Feu selon API 607<\/li>\n<li>Faible couple de manoeuvre<\/li>\n<\/ul>\n<\/div>\n<\/div>\n<\/div>\n<p>[\/vc_column_text][\/vc_column_inner][vc_column_inner width=\u00a0\u00bb1\/3&Prime;][vc_column_text]<\/p>\n<div class=\"container\">\n<div class=\"grid_4\">\n<div class=\"pl\">\n<ul class=\"list\">\n<li>\n<ul class=\"list\">\n<li>Grande plage de contr\u00f4le<\/li>\n<li>Gain de poids<\/li>\n<li>Faible encombrement<\/li>\n<li>Faibles Co\u00fbts de Revient<\/li>\n<li>Remplacement des cartouches possible<\/li>\n<li>Aucune fuite<\/li>\n<li>adapt\u00e9 aux applications s\u00e9v\u00e8res<\/li>\n<\/ul>\n<\/li>\n<\/ul>\n<\/div>\n<\/div>\n<\/div>\n<p>* = autres tailles possibles[\/vc_column_text][\/vc_column_inner][\/vc_row_inner][\/vc_column][\/vc_row][vc_row el_class=\u00a0\u00bbleistungen\u00a0\u00bb css=\u00a0\u00bb.vc_custom_1525169409441{padding-top: 56px !important;padding-bottom: 50px !important;}\u00a0\u00bb][vc_column][vc_row_inner el_class=\u00a0\u00bbleistungen-inner row-product-three\u00a0\u00bb][vc_column_inner width=\u00a0\u00bb1\/3&Prime;][vc_column_text]<\/p>\n<div class=\"container\">\n<div class=\"grid_5\">\n<h2 class=\"normal\">LE MODULE DE<\/h2>\n<p>&nbsp;<\/p>\n<p class=\"pr\">Le module de r\u00e9gulation TRI-SHARK transforme notre vanne papillon triple excentration en une excellente vanne de r\u00e9gulation. Ainsi, un m\u00eame mod\u00e8le de vanne peut-\u00eatre utilis\u00e9 comme vanne d\u2019arr\u00eat ou vanne de r\u00e9gulation.<\/p>\n<\/div>\n<\/div>\n<p>[\/vc_column_text][\/vc_column_inner][vc_column_inner width=\u00a0\u00bb1\/3&Prime;][\/vc_column_inner][vc_column_inner width=\u00a0\u00bb1\/3&Prime;][\/vc_column_inner][\/vc_row_inner][\/vc_column][\/vc_row][vc_row el_class=\u00a0\u00bbbearing\u00a0\u00bb css=\u00a0\u00bb.vc_custom_1525169417152{margin-bottom: 32px !important;padding-top: 56px !important;padding-bottom: 50px !important;}\u00a0\u00bb][vc_column][vc_row_inner el_class=\u00a0\u00bbrow-product-three\u00a0\u00bb][vc_column_inner width=\u00a0\u00bb1\/2&Prime;][vc_column_text]<\/p>\n<div class=\"container text-light\">\n<div class=\"grid_top\">\n<div class=\"grid_6\"><\/div>\n<\/div>\n<div class=\"grid_bottom\">\n<div class=\"grid_6\"><img loading=\"lazy\" decoding=\"async\" class=\"aligncenter size-full wp-image-52631\" src=\"https:\/\/zwick-gmbh.de\/wp-content\/uploads\/2018\/02\/twi-shark-regelaufsatz.png\" alt=\"twi-shark-regelaufsatz-zwick-armaturen\" width=\"738\" height=\"455\" srcset=\"https:\/\/zwick-armaturen.de\/wp-content\/uploads\/2018\/02\/twi-shark-regelaufsatz.png 738w, https:\/\/zwick-armaturen.de\/wp-content\/uploads\/2018\/02\/twi-shark-regelaufsatz-300x185.png 300w, https:\/\/zwick-armaturen.de\/wp-content\/uploads\/2018\/02\/twi-shark-regelaufsatz-600x370.png 600w\" sizes=\"auto, (max-width: 738px) 100vw, 738px\" \/><\/div>\n<\/div>\n<\/div>\n<p>[\/vc_column_text][\/vc_column_inner][vc_column_inner width=\u00a0\u00bb1\/2&Prime;][vc_column_text]<\/p>\n<div class=\"container text-light\">\n<div class=\"grid_top\">\n<div class=\"grid_6\"><\/div>\n<\/div>\n<div class=\"grid_bottom\">\n<div class=\"grid_6\"><img loading=\"lazy\" decoding=\"async\" class=\"alignnone size-full wp-image-52632\" src=\"http:\/\/preview.zwick-armaturen.de\/wp-content\/uploads\/2018\/02\/twi-shark-winkel.png\" alt=\"\" width=\"738\" height=\"455\" srcset=\"https:\/\/zwick-armaturen.de\/wp-content\/uploads\/2018\/02\/twi-shark-winkel.png 738w, https:\/\/zwick-armaturen.de\/wp-content\/uploads\/2018\/02\/twi-shark-winkel-300x185.png 300w, https:\/\/zwick-armaturen.de\/wp-content\/uploads\/2018\/02\/twi-shark-winkel-600x370.png 600w\" sizes=\"auto, (max-width: 738px) 100vw, 738px\" \/><\/div>\n<\/div>\n<\/div>\n<p>[\/vc_column_text][\/vc_column_inner][\/vc_row_inner][\/vc_column][\/vc_row][vc_row full_width=\u00a0\u00bbstretch_row\u00a0\u00bb bg_type=\u00a0\u00bbimage\u00a0\u00bb parallax_style=\u00a0\u00bbvcpb-default\u00a0\u00bb css=\u00a0\u00bb.vc_custom_1525169477573{padding-top: 56px !important;padding-bottom: 50px !important;background-image: url(http:\/\/preview.zwick-armaturen.de\/wp-content\/uploads\/2018\/03\/worldwide_fin_zwick.png?id=53048) !important;}\u00a0\u00bb][vc_column width=\u00a0\u00bb1\/2&Prime;][vc_column_text]<\/p>\n<h2><span style=\"color: #004a92;\">QUALIT\u00c9<\/span><\/h2>\n<h2>\u201cMADE IN GERMANY\u201d<\/h2>\n<p>&nbsp;<\/p>\n<div class=\"container pt2\">\n<div class=\"grid_6 prefix_6\">\n<p>Nous sommes en mesure de vous offrir un soutien technique et un service exceptionnels afin de r\u00e9pondre \u00e0 vos exigences particuli\u00e8res. Une livraison rapide, un prix comp\u00e9titif et une offre globale sont autant d\u2019atouts pour votre entreprise.<\/p>\n<p>Notre qualit\u00e9 est \u00e0 votre avantage. Selon ce principe, nous faisons tout notre possible pour satisfaire vos demandes. Gr\u00e2ce \u00e0 un R&amp;D permanent, nous vous assurons \u00eatre votre partenaire aujourd\u2019hui comme demain ; vous apportant des solutions novatrices \u00e0 la pointe de la technologie et de la performance.<\/p>\n<\/div>\n<\/div>\n<p>[\/vc_column_text][\/vc_column][vc_column width=\u00a0\u00bb1\/2&Prime;][\/vc_column][\/vc_row][vc_row full_width=\u00a0\u00bbstretch_row\u00a0\u00bb css=\u00a0\u00bb.vc_custom_1525169431683{padding-top: 56px !important;padding-bottom: 50px !important;background-color: #004a92 !important;}\u00a0\u00bb][vc_column width=\u00a0\u00bb1\/2&Prime;][vc_column_text css=\u00a0\u00bb.vc_custom_1525181229885{padding-bottom: 20px !important;}\u00a0\u00bb]<\/p>\n<h2><span class=\"line1\" style=\"color: #000000;\">INQUIRY<\/span><\/h2>\n<p>&nbsp;<\/p>\n<p><span style=\"color: #ffffff;\">You are interested in one of our products?<\/span><\/p>\n<p><span style=\"color: #ffffff;\">Write us and we will contact you.<\/span>[\/vc_column_text]<style type=\"text\/css\" data-type=\"the7_shortcodes-inline-css\">#default-btn-d0709bd71326130e622631e62af836b2.ico-right-side > i {\n  margin-right: 0px;\n  margin-left: 8px;\n}\n#default-btn-d0709bd71326130e622631e62af836b2 > i {\n  margin-right: 8px;\n}<\/style><a href=\"\/contacts\/?lang=fr\" class=\"default-btn-shortcode dt-btn dt-btn-m link-hover-off btn-inline-left \" id=\"default-btn-d0709bd71326130e622631e62af836b2\"><span>CONTACTS<\/span><\/a>[\/vc_column][vc_column width=\u00a0\u00bb1\/2&Prime;][vc_column_text css=\u00a0\u00bb.vc_custom_1525181271420{padding-bottom: 20px !important;}\u00a0\u00bb]<\/p>\n<h2><span class=\"line1\" style=\"color: #000000;\">SEMINARS<\/span><\/h2>\n<p>&nbsp;<\/p>\n<p><span style=\"color: #ffffff;\">You already have our products in use and would like a Zwick training?<\/span><\/p>\n<p><span style=\"color: #ffffff;\">Write us and we will contact you.<\/span>[\/vc_column_text]<style type=\"text\/css\" data-type=\"the7_shortcodes-inline-css\">#default-btn-1c38be03ab98ae87b63fc1eb7ef87ff3.ico-right-side > i {\n  margin-right: 0px;\n  margin-left: 8px;\n}\n#default-btn-1c38be03ab98ae87b63fc1eb7ef87ff3 > i {\n  margin-right: 8px;\n}<\/style><a href=\"\/seminars\/?lang=fr\" class=\"default-btn-shortcode dt-btn dt-btn-m link-hover-off btn-inline-left \" id=\"default-btn-1c38be03ab98ae87b63fc1eb7ef87ff3\"><span>SEMINARS<\/span><\/a>[\/vc_column][\/vc_row]<\/p>\n<\/div>","protected":false},"excerpt":{"rendered":"<p>[vc_row full_width=\u00a0\u00bbstretch_row\u00a0\u00bb el_class=\u00a0\u00bbgrey row-zero-ok\u00a0\u00bb css=\u00a0\u00bb.vc_custom_1525169377553{padding-top: 56px !important;padding-bottom: 50px !important;background-color: #e0e0e0 !important;}\u00a0\u00bb][vc_column][vc_row_inner el_class=\u00a0\u00bbrow-zero\u00a0\u00bb][vc_column_inner width=\u00a0\u00bb1\/2&Prime;][vc_column_text] 100% VANNE DE R\u00c9GULATION ET 100% VANNE \u00c9TANCHE * &nbsp; Les vannes de r\u00e9gulation TRI-SHARK ont une&hellip;<\/p>\n","protected":false},"author":1,"featured_media":0,"parent":0,"menu_order":0,"comment_status":"closed","ping_status":"closed","template":"","meta":{"footnotes":""},"class_list":["post-53566","page","type-page","status-publish","hentry","description-off"],"_links":{"self":[{"href":"https:\/\/zwick-armaturen.de\/fr\/wp-json\/wp\/v2\/pages\/53566","targetHints":{"allow":["GET"]}}],"collection":[{"href":"https:\/\/zwick-armaturen.de\/fr\/wp-json\/wp\/v2\/pages"}],"about":[{"href":"https:\/\/zwick-armaturen.de\/fr\/wp-json\/wp\/v2\/types\/page"}],"author":[{"embeddable":true,"href":"https:\/\/zwick-armaturen.de\/fr\/wp-json\/wp\/v2\/users\/1"}],"replies":[{"embeddable":true,"href":"https:\/\/zwick-armaturen.de\/fr\/wp-json\/wp\/v2\/comments?post=53566"}],"version-history":[{"count":2,"href":"https:\/\/zwick-armaturen.de\/fr\/wp-json\/wp\/v2\/pages\/53566\/revisions"}],"predecessor-version":[{"id":56909,"href":"https:\/\/zwick-armaturen.de\/fr\/wp-json\/wp\/v2\/pages\/53566\/revisions\/56909"}],"wp:attachment":[{"href":"https:\/\/zwick-armaturen.de\/fr\/wp-json\/wp\/v2\/media?parent=53566"}],"curies":[{"name":"wp","href":"https:\/\/api.w.org\/{rel}","templated":true}]}}