{"id":53564,"date":"2018-05-04T13:44:51","date_gmt":"2018-05-04T11:44:51","guid":{"rendered":"http:\/\/preview.zwick-armaturen.de\/?page_id=53564"},"modified":"2018-05-14T10:55:02","modified_gmt":"2018-05-14T08:55:02","slug":"tri-con-butterfly-valve","status":"publish","type":"page","link":"https:\/\/zwick-armaturen.de\/fr\/tri-con-butterfly-valve\/","title":{"rendered":"TRI-CON (BUTTERFLY VALVE)"},"content":{"rendered":"<div class=\"wpb-content-wrapper\"><p>[vc_row full_width=\u00a0\u00bbstretch_row\u00a0\u00bb el_class=\u00a0\u00bbgrey row-zero-ok\u00a0\u00bb css=\u00a0\u00bb.vc_custom_1525168555542{padding-top: 56px !important;background-color: #e0e0e0 !important;}\u00a0\u00bb][vc_column][vc_row_inner el_class=\u00a0\u00bbrow-zero\u00a0\u00bb css=\u00a0\u00bb.vc_custom_1525685269351{margin-bottom: 50px !important;}\u00a0\u00bb][vc_column_inner width=\u00a0\u00bb1\/2&Prime;][vc_column_text]<\/p>\n<div class=\"container1\">\n<article class=\"grid_6\">\n<div class=\"container1\">\n<article class=\"grid_6\">\n<h2><span class=\"line1\" style=\"color: #004a92;\"><span class=\"line11\">Z\u00c9RO FUITE.*<\/span><\/span><\/h2>\n<h2><span style=\"color: #000000;\">TOUJOURS.<\/span><\/h2>\n<p>&nbsp;<\/p>\n<p>Les caract\u00e9ristiques techniques particuli\u00e8res \u2013 l\u2019emboitement c\u00f4ne sur c\u00f4ne, les lamelles multiples, l\u2019\u00e9tanch\u00e9it\u00e9 m\u00e9tal-m\u00e9tal \u2013 font de la s\u00e9rie TRI-CON une vanne multi-usages pour des applications industrielles diverses.<\/p>\n<p>Les vannes ZWICK sont utilis\u00e9es pour les gaz industriels, les gaz d\u2019\u00e9chappement, les gaz de torche, tous types de liquides, l\u2019eau chaude ou la vapeur, les plus basses comme les plus hautes temp\u00e9ratures jusqu\u2019\u00e0 815\u00b0C. La TRI-CON est largement utilis\u00e9e dans l\u2019industrie chimique, p\u00e9trochimique, du p\u00e9trole et du gaz, l\u2019offshore et le chauffage urbain.<\/p>\n<\/article>\n<\/div>\n<\/article>\n<\/div>\n<p>[\/vc_column_text][\/vc_column_inner][vc_column_inner width=\u00a0\u00bb1\/2&Prime;][\/vc_column_inner][\/vc_row_inner][\/vc_column][\/vc_row][vc_row css=\u00a0\u00bb.vc_custom_1525168568155{padding-top: 56px !important;padding-bottom: 32px !important;}\u00a0\u00bb][vc_column width=\u00a0\u00bb1\/2&Prime;][vc_column_text]<\/p>\n<div class=\"container1 fix-container\">\n<article class=\"grid_5\">\n<h2><span style=\"color: #004a92;\">GRAND<\/span><\/h2>\n<h2><span class=\"line2\" style=\"color: #000000;\">VAIMENT GRAND.<\/span><\/h2>\n<p>&nbsp;<\/p>\n<p class=\"suffix_1\">Zwick likes it large. And large is also meant large. Valves can be manufactured in maximum diameters, more than 180 cm!<\/p>\n<\/article>\n<p>&nbsp;<\/p>\n<\/div>\n<p>[\/vc_column_text][\/vc_column][vc_column width=\u00a0\u00bb1\/2&Prime; css=\u00a0\u00bb.vc_custom_1519231287382{margin-top: -450px !important;}\u00a0\u00bb offset=\u00a0\u00bbvc_hidden-sm vc_hidden-xs\u00a0\u00bb][vc_single_image image=\u00a0\u00bb52630&Prime; img_size=\u00a0\u00bbfull\u00a0\u00bb][\/vc_column][\/vc_row][vc_row][vc_column width=\u00a0\u00bb1\/2&Prime;][\/vc_column][vc_column width=\u00a0\u00bb1\/2&Prime; offset=\u00a0\u00bbvc_hidden-lg vc_hidden-md\u00a0\u00bb][vc_single_image image=\u00a0\u00bb52630&Prime; img_size=\u00a0\u00bbfull\u00a0\u00bb alignment=\u00a0\u00bbcenter\u00a0\u00bb][\/vc_column][\/vc_row][vc_row full_width=\u00a0\u00bbstretch_row\u00a0\u00bb el_class=\u00a0\u00bbgrey row-zero-ok\u00a0\u00bb css=\u00a0\u00bb.vc_custom_1526288098434{margin-top: -70px !important;padding-top: 56px !important;padding-bottom: 50px !important;background-image: url(https:\/\/zwick-gmbh.de\/wp-content\/uploads\/revslider\/zwick-home\/wall.jpg?id=52373) !important;}\u00a0\u00bb][vc_column][vc_row_inner el_class=\u00a0\u00bbrow-zero\u00a0\u00bb][vc_column_inner width=\u00a0\u00bb1\/2&Prime;][vc_single_image image=\u00a0\u00bb52628&Prime; img_size=\u00a0\u00bb320&#215;506&Prime; css_animation=\u00a0\u00bbslideInLeft\u00a0\u00bb][\/vc_column_inner][vc_column_inner width=\u00a0\u00bb1\/2&Prime; css=\u00a0\u00bb.vc_custom_1519295484801{margin-top: 50px !important;}\u00a0\u00bb][vc_column_text]<\/p>\n<div class=\"container\">\n<h2 class=\"grid_6\"><span class=\"line1\" style=\"color: #004a92;\"><span class=\"line11\">UN MAXIMUM DE<\/span><\/span><\/h2>\n<h2 class=\"grid_6\"><span class=\"line2\" style=\"color: #000000;\"><span class=\"line12\">PERFORMANCES,<\/span><\/span><\/h2>\n<h2 class=\"grid_6\"><span style=\"color: #000000;\">JOUR APR\u00c9S JOUR<\/span><\/h2>\n<div class=\"grid_5 suffix_1\">\n<p>&nbsp;<\/p>\n<p><span class=\"line1\"><span class=\"line11\">La s\u00e9rie TRI-CON inclut des diam\u00e8tres nominaux de 2\u2033 \u00e0 88\u2033<br \/>\nadans des classes de pression de ANSI 150lbs \u00e0 900lbs.<\/span><\/span><\/p>\n<p>La gamme compl\u00e8te est disponible en diff\u00e9rentes mati\u00e8res, que ce soit en face \u00e0 face type lug, double bride, vanne \u00e0 passage direct, ou face \u00e0 face particulier.<\/p>\n<\/div>\n<\/div>\n<p>[\/vc_column_text][\/vc_column_inner][\/vc_row_inner][\/vc_column][\/vc_row][vc_row full_width=\u00a0\u00bbstretch_row\u00a0\u00bb el_class=\u00a0\u00bbgrey\u00a0\u00bb css=\u00a0\u00bb.vc_custom_1525168717810{padding-top: 56px !important;padding-bottom: 50px !important;background-color: #e2e2e2 !important;}\u00a0\u00bb][vc_column][vc_row_inner el_class=\u00a0\u00bbrow-product-two\u00a0\u00bb][vc_column_inner width=\u00a0\u00bb1\/3&Prime;][vc_column_text]<\/p>\n<div class=\"container\">\n<article class=\"grid_3\">\n<h2><span style=\"color: #004a92;\">CARAT\u00c9RISTIQUES<\/span><\/h2>\n<h2><span style=\"color: #000000;\">PARTICULI\u00c8RES<\/span><\/h2>\n<\/article>\n<h2 class=\"grid_5\"><\/h2>\n<div class=\"grid_3\">\n<div class=\"pl\">\n<h2><\/h2>\n<\/div>\n<\/div>\n<\/div>\n<p>[\/vc_column_text][\/vc_column_inner][vc_column_inner width=\u00a0\u00bb1\/3&Prime;][vc_column_text]<\/p>\n<div class=\"container\">\n<article class=\"grid_3\">\n<h3>DISQUE FLOTTANT AUTO-CENTR\u00c9<\/h3>\n<\/article>\n<div class=\"grid_5\">\n<p>Cette construction garantit une position optimale des lamelles sur le si\u00e8ge.Le risque de grippage d\u00fb \u00e0 de fortes variations thermiques est compl\u00e8tement \u00e9limin\u00e9.<\/p>\n<h3>TRANSMISSION DU COUPLE PAR CLAVETTES<\/h3>\n<p>La connexion entre l\u2019axe et le papillon est assur\u00e9e par des clavettes. Ceci garantit une meilleure transmission du couple et \u00e9limine le danger de bris d\u2019une goupille.<\/p>\n<h3>CONCEPTION EXCLUSIVE DES LAMELLES<\/h3>\n<p>Notre syst\u00e8me disque-lamelles-si\u00e8ge offre une tr\u00e8s large surface de contact. L\u2019\u00e9tanch\u00e9it\u00e9 \u00e0 la bulle est possible gr\u00e2ce \u00e0 l\u2019usinage sp\u00e9cial des lamelles en parall\u00e8le ; chaque lamelle devient une barri\u00e8re suppl\u00e9mentaire garantissant une \u00e9tanch\u00e9it\u00e9 parfaite, m\u00eame en cas de destruction partielle.<\/p>\n<h3>PALIERS DE GUIDAGE<\/h3>\n<p>La position optimale des paliers de guidage \u00e9limine le risque de flexion de l\u2019axe. Cela garantit une \u00e9tanch\u00e9it\u00e9 bidirectionnelle \u00e0 la pression diff\u00e9rentielle maximale.<\/p>\n<\/div>\n<div class=\"grid_3\">\n<div class=\"pl\">\n<p>&nbsp;<\/p>\n<\/div>\n<\/div>\n<\/div>\n<p>[\/vc_column_text][\/vc_column_inner][vc_column_inner width=\u00a0\u00bb1\/3&Prime;][vc_column_text]<\/p>\n<div class=\"container\">\n<article class=\"grid_3\">\n<h3>CARACT\u00c9RISTIQUES G\u00c9N\u00c9RALES<\/h3>\n<ul class=\"list\">\n<li>Conception triple excentration ZWICK<\/li>\n<li>\u00c9tanch\u00e9it\u00e9 m\u00e9tal-m\u00e9tal<\/li>\n<li>Classes de pression selon ANSI 150\/300\/600\/900 et PN 10\/16\/25\/40\/63\/100\/160<\/li>\n<li>Pleine \u00e9tanch\u00e9it\u00e9 bidirectionnelle selon API 598 et\/ou DIN EN 12266-1 taux A.<\/li>\n<li>Plage de temp\u00e9rature jusqu\u2019\u00e0 815\u00b0C<\/li>\n<li>Diam\u00e8tres de 2\u2033 \u00e0 88\u2033 (Dn50 \u00e0 Dn2200)<\/li>\n<li>Man\u0153uvre de la vanne sans aucune friction<\/li>\n<li>Etanch\u00e9it\u00e9 au vide et aux tr\u00e8s fortes pressions<\/li>\n<li>Lamelles et si\u00e8ge en inox<\/li>\n<li>Axe anti-\u00e9jection selon API 609<\/li>\n<li>Fabrication possible dans tous types d\u2019alliage<\/li>\n<li>S\u00e9curit\u00e9 feu bidirectionnelle selon BS 6755, API 607 4thEd., TOTAL SF287<\/li>\n<li>Contr\u00f4le des \u00e9missions fugitives selon TA-Luft II, EN15848, EPA 21<\/li>\n<li>Design Double Block and Bleed<\/li>\n<li>SSIL 3<\/li>\n<\/ul>\n<\/article>\n<\/div>\n<p>[\/vc_column_text][\/vc_column_inner][\/vc_row_inner][\/vc_column][\/vc_row][vc_row full_width=\u00a0\u00bbstretch_row\u00a0\u00bb bg_type=\u00a0\u00bbimage\u00a0\u00bb parallax_style=\u00a0\u00bbvcpb-hz-jquery\u00a0\u00bb bg_image_new=\u00a0\u00bbid^52626|url^http:\/\/preview.zwick-armaturen.de\/wp-content\/uploads\/2018\/02\/product-quad1.jpg|caption^null|alt^null|title^product-quad1|description^null\u00a0\u00bb bg_image_repeat=\u00a0\u00bbno-repeat\u00a0\u00bb bg_image_size=\u00a0\u00bbinitial\u00a0\u00bb parallax_sense=\u00a0\u00bb30&Prime; el_class=\u00a0\u00bbleistungen\u00a0\u00bb css=\u00a0\u00bb.vc_custom_1525168777785{margin-top: 56px !important;padding-top: px !important;padding-bottom: 100px !important;}\u00a0\u00bb][vc_column][vc_row_inner el_class=\u00a0\u00bbleistungen-inner row-product-three\u00a0\u00bb][vc_column_inner width=\u00a0\u00bb1\/2&Prime;][\/vc_column_inner][vc_column_inner width=\u00a0\u00bb1\/2&Prime;][vc_column_text]<\/p>\n<div class=\"container\">\n<div class=\"grid_5\">\n<h2 class=\"normal\">PERFORMANCE<\/h2>\n<p>&nbsp;<\/p>\n<p class=\"pr\">Zwick a la capacit\u00e9 de produire des vannes selon le standard de la s\u00e9rie TRI-CON ainsi que tout un \u00e9ventail de vannes sur-mesure.<\/p>\n<\/div>\n<\/div>\n<p>[\/vc_column_text][\/vc_column_inner][\/vc_row_inner][\/vc_column][\/vc_row][vc_row el_class=\u00a0\u00bbbearing\u00a0\u00bb css=\u00a0\u00bb.vc_custom_1525168831393{padding-top: 56px !important;padding-bottom: 50px !important;}\u00a0\u00bb][vc_column][vc_row_inner el_class=\u00a0\u00bbrow-product-three\u00a0\u00bb][vc_column_inner width=\u00a0\u00bb1\/4&Prime;][vc_single_image image=\u00a0\u00bb52608&Prime; img_size=\u00a0\u00bbfull\u00a0\u00bb alignment=\u00a0\u00bbcenter\u00a0\u00bb][\/vc_column_inner][vc_column_inner width=\u00a0\u00bb1\/4&Prime;][vc_column_text]<\/p>\n<div class=\"container text-light\">\n<div class=\"grid_top\">\n<div class=\"grid_2\">\n<h3>PALIERS DE GUIDAGE BREVET\u00c9 SSB<\/h3>\n<\/div>\n<div class=\"grid_4 pt2\">\n<p>Zwick a con\u00e7u un syst\u00e8me unique de paliers de guidage \u00e0 \u00e9tanch\u00e9it\u00e9 multiple auto-compens\u00e9e. Cette conception est indispensable quand le fluide corrode, cok\u00e9fie ou se solidifie dans toute zone de r\u00e9tention (gaz de torche par ex.)Cette solution brevet\u00e9e a \u00e9t\u00e9 \u00e9prouv\u00e9e sur des applications s\u00e9v\u00e8res o\u00f9 toutes les solutions concurrentes ont \u00e9chou\u00e9.<\/p>\n<\/div>\n<\/div>\n<div class=\"grid_bottom\">\n<div class=\"grid_2\">\n<p>&nbsp;<\/p>\n<\/div>\n<\/div>\n<\/div>\n<p>[\/vc_column_text][\/vc_column_inner][vc_column_inner width=\u00a0\u00bb1\/4&Prime;][vc_single_image image=\u00a0\u00bb52609&Prime; img_size=\u00a0\u00bbfull\u00a0\u00bb alignment=\u00a0\u00bbcenter\u00a0\u00bb][\/vc_column_inner][vc_column_inner width=\u00a0\u00bb1\/4&Prime;][vc_column_text]<\/p>\n<div class=\"container text-light\">\n<div class=\"grid_top\">\n<h3>PRESSE ETOUPE SELON TA LUFT II, EPA2, EN 15 848.<\/h3>\n<\/div>\n<div class=\"grid_bottom\">\n<div class=\"grid_4 pt2\">\n<p>Notre construction de haute technologie r\u00e9pond aux exigences de S\u00e9curit\u00e9-Feu (API, BS, Total etc..), d\u2019\u00e9missions fugitives et d\u2019\u00e9tanch\u00e9it\u00e9 bidirectionnelle dans le respect total des diff\u00e9rentes certifications.<\/p>\n<\/div>\n<\/div>\n<\/div>\n<p>[\/vc_column_text][\/vc_column_inner][\/vc_row_inner][\/vc_column][\/vc_row][vc_row full_width=\u00a0\u00bbstretch_row\u00a0\u00bb bg_type=\u00a0\u00bbimage\u00a0\u00bb parallax_style=\u00a0\u00bbvcpb-default\u00a0\u00bb css=\u00a0\u00bb.vc_custom_1522324400413{padding-top: 75px !important;padding-bottom: 75px !important;background-image: url(http:\/\/preview.zwick-armaturen.de\/wp-content\/uploads\/2018\/03\/worldwide_fin_zwick.png?id=53048) !important;}\u00a0\u00bb][vc_column width=\u00a0\u00bb1\/2&Prime;][vc_column_text]<\/p>\n<h2><span style=\"color: #004a92;\">QUALIT\u00c9<\/span><\/h2>\n<h2>\u201cMADE IN GERMANY\u201d<\/h2>\n<p>&nbsp;<\/p>\n<div class=\"container pt2\">\n<div class=\"grid_6 prefix_6\">\n<p>Nous sommes en mesure de vous offrir un soutien technique et un service exceptionnels afin de r\u00e9pondre \u00e0 vos exigences particuli\u00e8res. Une livraison rapide, un prix comp\u00e9titif et une offre globale sont autant d\u2019atouts pour votre entreprise.<\/p>\n<p>Notre qualit\u00e9 est \u00e0 votre avantage. Selon ce principe, nous faisons tout notre possible pour satisfaire vos demandes. Gr\u00e2ce \u00e0 un R&amp;D permanent, nous vous assurons \u00eatre votre partenaire aujourd\u2019hui comme demain ; vous apportant des solutions novatrices \u00e0 la pointe de la technologie et de la performance.<\/p>\n<\/div>\n<p><span id=\"spot\"><br \/>\n<span id=\"pulse\"><\/span><br \/>\n<\/span><\/p>\n<\/div>\n<p>[\/vc_column_text][\/vc_column][vc_column width=\u00a0\u00bb1\/2&Prime;][\/vc_column][\/vc_row][vc_row full_width=\u00a0\u00bbstretch_row\u00a0\u00bb css=\u00a0\u00bb.vc_custom_1525168846655{padding-top: 56px !important;padding-bottom: 50px !important;background-color: #f7f7f7 !important;}\u00a0\u00bb][vc_column width=\u00a0\u00bb1\/2&Prime;][vc_column_text]<\/p>\n<h2 class=\"grid_12\"><span class=\"line1\" style=\"color: #004a92;\"><span class=\"line11\">APPLICATION:<\/span><\/span><\/h2>\n<h2 class=\"grid_12\"><span class=\"line2\"><span class=\"line12\">EVERYWHERE.<\/span><\/span><\/h2>\n<p>[\/vc_column_text][\/vc_column][vc_column width=\u00a0\u00bb1\/2&Prime;][\/vc_column][\/vc_row][vc_row full_width=\u00a0\u00bbstretch_row\u00a0\u00bb css=\u00a0\u00bb.vc_custom_1525168918888{padding-top: 20px !important;padding-bottom: 20px !important;background-color: #f7f7f7 !important;}\u00a0\u00bb][vc_column width=\u00a0\u00bb1\/6&Prime;][vc_single_image image=\u00a0\u00bb52615&Prime; img_size=\u00a0\u00bbfull\u00a0\u00bb alignment=\u00a0\u00bbright\u00a0\u00bb][\/vc_column][vc_column width=\u00a0\u00bb1\/6&Prime;][vc_column_text]RAFFINERIE \/ PETROCHIMIE<\/p>\n<ul>\n<li>r\u00e9servoirs de stockage<\/li>\n<li>Extraction On et Offshore<\/li>\n<li>Gaz de schiste<\/li>\n<li>GNL et GPL<\/li>\n<li>extraction d\u2019\u00e9thyl\u00e8ne<\/li>\n<li>d\u00e9sulfurisation<\/li>\n<li>FPSO FLNG<\/li>\n<li>vannes ESD-HIPPS<\/li>\n<\/ul>\n<p>[\/vc_column_text][\/vc_column][vc_column width=\u00a0\u00bb1\/6&Prime;][vc_single_image image=\u00a0\u00bb52618&Prime; img_size=\u00a0\u00bbfull\u00a0\u00bb alignment=\u00a0\u00bbright\u00a0\u00bb][\/vc_column][vc_column width=\u00a0\u00bb1\/6&Prime;][vc_column_text]\u00c9NERGIE<\/p>\n<ul>\n<li>Vapeur<\/li>\n<li>eau chaude<\/li>\n<li>condensat<\/li>\n<li>centrales (nucl\u00e9aire, charbon, gaz, vapeur, biomasse)<\/li>\n<li>chauffage solaire (huile thermique, sel fondu)<\/li>\n<li>g\u00e9othermie<\/li>\n<li>hydrothermie<\/li>\n<li>incin\u00e9ration des d\u00e9chets et chauffage urbain<\/li>\n<li><\/li>\n<\/ul>\n<p>[\/vc_column_text][\/vc_column][vc_column width=\u00a0\u00bb1\/6&Prime;][vc_single_image image=\u00a0\u00bb52620&Prime; img_size=\u00a0\u00bbfull\u00a0\u00bb alignment=\u00a0\u00bbright\u00a0\u00bb][\/vc_column][vc_column width=\u00a0\u00bb1\/6&Prime;][vc_column_text]INDUSTRIE DU SUCRE<\/p>\n<ul>\n<li>Vapeur<\/li>\n<li>eau chaude<\/li>\n<li>condensat<\/li>\n<\/ul>\n<p>[\/vc_column_text][\/vc_column][\/vc_row][vc_row css=\u00a0\u00bb.vc_custom_1525168932706{padding-top: 20px !important;padding-bottom: 20px !important;}\u00a0\u00bb][vc_column width=\u00a0\u00bb1\/6&Prime;][vc_single_image image=\u00a0\u00bb52616&Prime; img_size=\u00a0\u00bbfull\u00a0\u00bb alignment=\u00a0\u00bbright\u00a0\u00bb][\/vc_column][vc_column width=\u00a0\u00bb1\/6&Prime;][vc_column_text]INDUSTRIE CHIMIQUE<\/p>\n<ul>\n<li>Process (applications critiques tels que le butadi\u00e8ne, le styr\u00e8ne, l\u2019\u00e9thyl\u00e8ne, le propyl\u00e8ne, etc\u2026)<\/li>\n<li>circuits froids (bo\u00eete froide)<\/li>\n<li>stockage<\/li>\n<\/ul>\n<p>[\/vc_column_text][\/vc_column][vc_column width=\u00a0\u00bb1\/6&Prime;][vc_single_image image=\u00a0\u00bb52619&Prime; img_size=\u00a0\u00bbfull\u00a0\u00bb alignment=\u00a0\u00bbright\u00a0\u00bb][\/vc_column][vc_column width=\u00a0\u00bb1\/6&Prime;][vc_column_text]INDUSTRIE DE L\u2019ACIER<\/p>\n<ul>\n<li>gaz d\u2019\u00e9chappement<\/li>\n<li>cokerie<\/li>\n<li>vapeur, eau<\/li>\n<li>oxyg\u00e8ne<\/li>\n<li>r\u00e9cup\u00e9ration d\u2019\u00e9nergie<\/li>\n<li>haut fourneau<\/li>\n<\/ul>\n<p>[\/vc_column_text][\/vc_column][vc_column width=\u00a0\u00bb1\/6&Prime;][vc_single_image image=\u00a0\u00bb52622&Prime; img_size=\u00a0\u00bbfull\u00a0\u00bb alignment=\u00a0\u00bbright\u00a0\u00bb][\/vc_column][vc_column width=\u00a0\u00bb1\/6&Prime;][vc_column_text]INDUSTRIE DES P\u00c2TES \u00c0 PAPIER<\/p>\n<ul>\n<li>Vapeur<\/li>\n<li>eau chaude<\/li>\n<li>condensat<\/li>\n<\/ul>\n<p>[\/vc_column_text][\/vc_column][\/vc_row][vc_row css=\u00a0\u00bb.vc_custom_1525168941330{padding-top: 20px !important;padding-bottom: 20px !important;}\u00a0\u00bb][vc_column width=\u00a0\u00bb1\/6&Prime;][vc_single_image image=\u00a0\u00bb52621&Prime; img_size=\u00a0\u00bbfull\u00a0\u00bb alignment=\u00a0\u00bbright\u00a0\u00bb][\/vc_column][vc_column width=\u00a0\u00bb1\/6&Prime;][vc_column_text]INDUSTRIE DU GAZ<\/p>\n<ul>\n<li>gaz industriels (oxyg\u00e8ne, azote \u2026),<\/li>\n<li>gaz inflammables (gaz naturel \u2026)<\/li>\n<li>captage et stockage du carbone<\/li>\n<li>vanne de commutation pour tamis mol\u00e9culaire<\/li>\n<li>GTL (gas-to-liquids)<\/li>\n<\/ul>\n<p>[\/vc_column_text][\/vc_column][vc_column width=\u00a0\u00bb1\/6&Prime;][vc_single_image image=\u00a0\u00bb52617&Prime; img_size=\u00a0\u00bbfull\u00a0\u00bb alignment=\u00a0\u00bbright\u00a0\u00bb][\/vc_column][vc_column width=\u00a0\u00bb1\/6&Prime;][vc_column_text]INDUSTRIE MINI\u00c8RE<\/p>\n<ul>\n<li>Eau<\/li>\n<li>milieux corrosifs<\/li>\n<\/ul>\n<p>[\/vc_column_text][\/vc_column][\/vc_row][vc_row full_width=\u00a0\u00bbstretch_row\u00a0\u00bb el_class=\u00a0\u00bbprinzip\u00a0\u00bb css=\u00a0\u00bb.vc_custom_1525169003151{padding-top: 56px !important;padding-bottom: 50px !important;background-color: #b7b7b7 !important;}\u00a0\u00bb][vc_column][vc_row_inner el_class=\u00a0\u00bbrow-product-six\u00a0\u00bb][vc_column_inner width=\u00a0\u00bb1\/2&Prime;][vc_column_text]<\/p>\n<div class=\"container\">\n<div class=\"grid_6\">\n<h2><span class=\"line1\" style=\"color: #004a92;\"><span class=\"line11\">LA TRIPLE<\/span><\/span><\/h2>\n<h2><span class=\"line2\" style=\"color: #000000;\"><span class=\"line12\">EXCENTRATION \u00c0 LA<\/span><\/span><\/h2>\n<h2>POINTE DE LA TECHNOLOGIE<\/h2>\n<p>&nbsp;<\/p>\n<div class=\"prefix_1\">\n<p>La g\u00e9om\u00e9trie de la triple excentration ZWICK et ses particularit\u00e9s techniques garantissent \u00e0 100% la performance \u201cZ\u00e9ro Fuite\u201d m\u00eame en cas de variations extr\u00eames de temp\u00e9rature ou de pics de pression.<\/p>\n<p>\u00c0 ce jour, les vannes TRI-CON offrent la surface d\u2019\u00e9tanch\u00e9it\u00e9 et de contact m\u00e9tal-m\u00e9tal la plus large du march\u00e9, elles permettent une ouverture et une fermeture sans friction, un tr\u00e8s faible couple de man\u0153uvre et aucun couple de d\u00e9marrage. La conception ZWICK offre une \u00e9tanch\u00e9it\u00e9 \u00e0 100% m\u00eame sur les gaz.<\/p>\n<p>Les vannes ZWICK sont utilis\u00e9es dans le monde entier, dans les applications critiques de nombreuses industries. Les vannes papillon ZWICK sont con\u00e7ues pour des temp\u00e9ratures allant de la cryog\u00e9nie jusqu\u2019\u00e0 815\u00b0C.<\/p>\n<p><span style=\"color: #000000;\">.<\/span><\/p>\n<\/div>\n<\/div>\n<\/div>\n<p>[\/vc_column_text][\/vc_column_inner][vc_column_inner width=\u00a0\u00bb1\/2&Prime;][vc_single_image image=\u00a0\u00bb52625&Prime; img_size=\u00a0\u00bbfull\u00a0\u00bb alignment=\u00a0\u00bbcenter\u00a0\u00bb][\/vc_column_inner][\/vc_row_inner][\/vc_column][\/vc_row][vc_row full_width=\u00a0\u00bbstretch_row\u00a0\u00bb css=\u00a0\u00bb.vc_custom_1525169013705{padding-top: 56px !important;padding-bottom: 50px !important;background-color: #004a92 !important;}\u00a0\u00bb][vc_column width=\u00a0\u00bb1\/2&Prime;][vc_column_text css=\u00a0\u00bb.vc_custom_1525180193186{padding-bottom: 20px !important;}\u00a0\u00bb]<\/p>\n<h2><span class=\"line1\" style=\"color: #000000;\">INQUIRY<\/span><\/h2>\n<p>&nbsp;<\/p>\n<p><span style=\"color: #ffffff;\">You are interested in one of our products?<\/span><\/p>\n<p><span style=\"color: #ffffff;\">Write us and we will contact you.<\/span>[\/vc_column_text]<style type=\"text\/css\" data-type=\"the7_shortcodes-inline-css\">#default-btn-d0709bd71326130e622631e62af836b2.ico-right-side > i {\n  margin-right: 0px;\n  margin-left: 8px;\n}\n#default-btn-d0709bd71326130e622631e62af836b2 > i {\n  margin-right: 8px;\n}<\/style><a href=\"\/contacts\/?lang=fr\" class=\"default-btn-shortcode dt-btn dt-btn-m link-hover-off btn-inline-left \" id=\"default-btn-d0709bd71326130e622631e62af836b2\"><span>CONTACTS<\/span><\/a>[\/vc_column][vc_column width=\u00a0\u00bb1\/2&Prime;][vc_column_text css=\u00a0\u00bb.vc_custom_1525180230377{padding-bottom: 20px !important;}\u00a0\u00bb]<\/p>\n<h2><span class=\"line1\" style=\"color: #000000;\">SEMINARS<\/span><\/h2>\n<p>&nbsp;<\/p>\n<p><span style=\"color: #ffffff;\">You already have our products in use and would like a Zwick training?<\/span><\/p>\n<p><span style=\"color: #ffffff;\">Write us and we will contact you.<\/span>[\/vc_column_text]<style type=\"text\/css\" data-type=\"the7_shortcodes-inline-css\">#default-btn-1c38be03ab98ae87b63fc1eb7ef87ff3.ico-right-side > i {\n  margin-right: 0px;\n  margin-left: 8px;\n}\n#default-btn-1c38be03ab98ae87b63fc1eb7ef87ff3 > i {\n  margin-right: 8px;\n}<\/style><a href=\"\/seminars\/?lang=fr\" class=\"default-btn-shortcode dt-btn dt-btn-m link-hover-off btn-inline-left \" id=\"default-btn-1c38be03ab98ae87b63fc1eb7ef87ff3\"><span>SEMINARS<\/span><\/a>[\/vc_column][\/vc_row]<\/p>\n<\/div>","protected":false},"excerpt":{"rendered":"<p>[vc_row full_width=\u00a0\u00bbstretch_row\u00a0\u00bb el_class=\u00a0\u00bbgrey row-zero-ok\u00a0\u00bb css=\u00a0\u00bb.vc_custom_1525168555542{padding-top: 56px !important;background-color: #e0e0e0 !important;}\u00a0\u00bb][vc_column][vc_row_inner el_class=\u00a0\u00bbrow-zero\u00a0\u00bb css=\u00a0\u00bb.vc_custom_1525685269351{margin-bottom: 50px !important;}\u00a0\u00bb][vc_column_inner width=\u00a0\u00bb1\/2&Prime;][vc_column_text] Z\u00c9RO FUITE.* TOUJOURS. &nbsp; Les caract\u00e9ristiques techniques particuli\u00e8res \u2013 l\u2019emboitement c\u00f4ne sur c\u00f4ne, les lamelles multiples,&hellip;<\/p>\n","protected":false},"author":1,"featured_media":0,"parent":0,"menu_order":0,"comment_status":"closed","ping_status":"closed","template":"","meta":{"footnotes":""},"class_list":["post-53564","page","type-page","status-publish","hentry","description-off"],"_links":{"self":[{"href":"https:\/\/zwick-armaturen.de\/fr\/wp-json\/wp\/v2\/pages\/53564","targetHints":{"allow":["GET"]}}],"collection":[{"href":"https:\/\/zwick-armaturen.de\/fr\/wp-json\/wp\/v2\/pages"}],"about":[{"href":"https:\/\/zwick-armaturen.de\/fr\/wp-json\/wp\/v2\/types\/page"}],"author":[{"embeddable":true,"href":"https:\/\/zwick-armaturen.de\/fr\/wp-json\/wp\/v2\/users\/1"}],"replies":[{"embeddable":true,"href":"https:\/\/zwick-armaturen.de\/fr\/wp-json\/wp\/v2\/comments?post=53564"}],"version-history":[{"count":0,"href":"https:\/\/zwick-armaturen.de\/fr\/wp-json\/wp\/v2\/pages\/53564\/revisions"}],"wp:attachment":[{"href":"https:\/\/zwick-armaturen.de\/fr\/wp-json\/wp\/v2\/media?parent=53564"}],"curies":[{"name":"wp","href":"https:\/\/api.w.org\/{rel}","templated":true}]}}